{"id":1545,"date":"2024-08-19T23:10:39","date_gmt":"2024-08-19T22:10:39","guid":{"rendered":"https:\/\/en.signals2trade.com\/?page_id=1545"},"modified":"2024-08-20T07:40:29","modified_gmt":"2024-08-20T06:40:29","slug":"legal","status":"publish","type":"page","link":"https:\/\/pro.signals2trade.com\/fcp\/pl\/legal\/","title":{"rendered":"Prawne"},"content":{"rendered":"<div data-elementor-type=\"wp-page\" data-elementor-id=\"1545\" class=\"elementor elementor-1545\" data-elementor-post-type=\"page\">\n\t\t\t\t<div class=\"elementor-element elementor-element-43858d3 e-flex e-con-boxed e-con e-parent\" data-id=\"43858d3\" data-element_type=\"container\">\n\t\t\t\t\t<div class=\"e-con-inner\">\n\t\t\t\t<div class=\"elementor-element elementor-element-b3b7fc4 elementor-widget elementor-widget-heading\" data-id=\"b3b7fc4\" data-element_type=\"widget\" data-widget_type=\"heading.default\">\n\t\t\t\t\t<h2 class=\"elementor-heading-title elementor-size-default\">Prawne<\/h2>\t\t\t\t<\/div>\n\t\t\t\t<div class=\"elementor-element elementor-element-3748ed8 elementor-widget__width-inherit elementor-widget-tablet__width-inherit elementor-widget elementor-widget-text-editor\" data-id=\"3748ed8\" data-element_type=\"widget\" data-widget_type=\"text-editor.default\">\n\t\t\t\t\t\t\t\t\t<style>\n<!-- \/* Font Definitions *\/ @font-face {font-family:\"Cambria Math\"; panose-1:2 4 5 3 5 4 6 3 2 4;} @font-face {font-family:Aptos;} @font-face {font-family:Roboto;} \/* Style Definitions *\/ p.MsoNormal, li.MsoNormal, div.MsoNormal {margin-top:0cm; margin-right:0cm; margin-bottom:8.0pt; margin-left:0cm; line-height:107%; font-size:11.0pt; font-family:\"Aptos\",sans-serif;} .MsoChpDefault {font-family:\"Aptos\",sans-serif;} .MsoPapDefault {margin-bottom:8.0pt; line-height:107%;} @page WordSection1 {size:595.3pt 841.9pt; margin:70.85pt 70.85pt 2.0cm 70.85pt;} div.WordSection1 {page:WordSection1;} --><br \/>\n<\/style>\n\n&nbsp;\n\n&nbsp;\n<div class=\"WordSection1\">\n<p class=\"MsoNormal\" style=\"margin-bottom: 21.0pt; line-height: normal; background: white; vertical-align: baseline;\"><span style=\"font-size: 12.0pt; font-family: Roboto; color: black;\">Ostrze\u017cenie o ryzyku: Przedstawione produkty s\u0105 przedmiotem obrotu z depozytem zabezpieczaj\u0105cym i wi\u0105\u017c\u0105 si\u0119 z wysokim poziomem ryzyka.\npoziom ryzyka i mo\u017cliwa jest utrata ca\u0142ego kapita\u0142u. Te produkty mog\u0105\nnie by\u0107 odpowiednie dla ka\u017cdego i nale\u017cy upewni\u0107 si\u0119, \u017ce rozumie si\u0119\nryzyko.<\/span><\/p>\n<p class=\"MsoNormal\" style=\"margin-bottom: 21.0pt; line-height: normal; background: white; vertical-align: baseline;\"><span style=\"font-size: 12.0pt; font-family: Roboto; color: black;\">Gdyby The Fund Holding Ltd. dzia\u0142a\u0142 w UE, nie potrzebowa\u0142by\nlicencji ze wzgl\u0119du na specjalne przepisy w EOG, gdzie opublikowano oficjalne o\u015bwiadczenie niemieckiego regulatora BaFin.\nniemieckiego regulatora BaFin, kt\u00f3re z jednej strony opisuje model biznesowy\nmodel biznesowy The Funds Holding Ltd. Ten model biznesowy nie\nwymaga licencji na unijne standardy MiFID II zgodnie z innym o\u015bwiadczeniem\nniemieckiego organu regulacyjnego ds. produkt\u00f3w finansowych. Oba o\u015bwiadczenia mo\u017cna znale\u017a\u0107 poni\u017cej<\/span><\/p>\n<p class=\"MsoNormal\" style=\"margin-bottom: 21.0pt; line-height: normal; background: white; vertical-align: baseline;\"><span style=\"font-size: 12.0pt; font-family: Roboto; color: black;\">https:\/\/www.bafin.de\/DE\/Aufsicht\/FinTech\/Geschaeftsmodelle\/BeratungsHandelssysteme\/BeratungsHandelssysteme_node.html<\/span><\/p>\n<p class=\"MsoNormal\" style=\"margin-bottom: 21.0pt; line-height: normal; background: white; vertical-align: baseline;\"><span style=\"font-size: 12.0pt; font-family: Roboto; color: black;\">https:\/\/www.bafin.de\/DE\/Verbraucher\/Finanzwissen\/Fintech\/SocialTrading\/social_trading_node.html<\/span><\/p>\n<p class=\"MsoNormal\" style=\"margin-bottom: 21.0pt; line-height: normal; background: white; vertical-align: baseline;\"><span style=\"font-size: 12.0pt; font-family: Roboto; color: black;\">The Funds Holding Ltd. mo\u017ce ujawni\u0107 sw\u00f3j w\u0142asny portfel papier\u00f3w warto\u015bciowych i publicznie\nportfel papier\u00f3w warto\u015bciowych i publicznie wykonuje decyzje handlowe i zlecenia dotycz\u0105ce papier\u00f3w warto\u015bciowych. Co do zasady\nzasadniczo nie stanowi to dzia\u0142alno\u015bci gospodarczej, kt\u00f3ra wymaga\nzezwolenia na mocy KWG lub WpIG.<\/span><\/p>\n<p class=\"MsoNormal\" style=\"margin-bottom: 21.0pt; line-height: normal; background: white; vertical-align: baseline;\"><span style=\"font-size: 12.0pt; font-family: Roboto; color: black;\">Still The Funds Holding Ltd. nie jest skierowany do mieszka\u0144c\u00f3w\nWielkiej Brytanii i UE, gdzie nie jest licencjonowany i mo\u017ce wykracza\u0107 poza europejskie ramy regulacyjne MiFID\nII i brytyjskich ram regulacyjnych FCA. TheFunds Holding Ltd. nie oferuje swoich us\u0142ug\nswoich us\u0142ug mieszka\u0144com niekt\u00f3rych jurysdykcji, takich jak Afganistan,\nAlbania, Samoa Ameryka\u0144skie, Australia, Bia\u0142oru\u015b, Bermudy, Bo\u015bnia i Hercegowina,\nBotswana, Kanada, Republika \u015arodkowoafryka\u0144ska, Chiny, Krym i Sewastopol, Kuba,\nKorea P\u00f3\u0142nocna, Demokratyczna Republika Konga, Egipt, Erytrea, By\u0142a Federalna\nRepublika Jugos\u0142awii, Gwinea Bissau, Iran, Irak, ISIL (Da'esh) i Al-Kaida,\nLiban, Libia, Czarnog\u00f3ra, Myanmar, Korea P\u00f3\u0142nocna, Rosja, Serbia, Sewastopol,\nSierra Leone, Somalia, Sudan Po\u0142udniowy, Sudan, Syria, talibowie, Stany Zjednoczone, Tunezja, Ukraina, Stany\nStany Zjednoczone, Tunezja, Ukraina,\nWyspy Dziewicze Stan\u00f3w Zjednoczonych, Jemen, Zimbabwe.<\/span><\/p>\n<p class=\"MsoNormal\"><\/p>\n\n<\/div>\n&nbsp;\n\n&nbsp;\t\t\t\t\t\t\t\t<\/div>\n\t\t\t\t\t<\/div>\n\t\t\t\t<\/div>\n\t\t\t\t<\/div>","protected":false},"excerpt":{"rendered":"<p>Ostrze\u017cenie o ryzyku prawnym: Przedstawione produkty s\u0105 przedmiotem obrotu z wykorzystaniem depozytu zabezpieczaj\u0105cego i wi\u0105\u017c\u0105 si\u0119 z wysokim poziomem ryzyka oraz mo\u017cliwo\u015bci\u0105 utraty ca\u0142ego kapita\u0142u. Produkty te mog\u0105 nie by\u0107 odpowiednie dla ka\u017cdego i nale\u017cy upewni\u0107 si\u0119, \u017ce rozumie si\u0119 zwi\u0105zane z nimi ryzyko. Gdyby The Fund Holding Ltd. dzia\u0142a\u0142 w UE [...]<\/p>","protected":false},"author":1,"featured_media":0,"parent":0,"menu_order":0,"comment_status":"closed","ping_status":"closed","template":"elementor_header_footer","meta":{"footnotes":""},"class_list":["post-1545","page","type-page","status-publish","hentry"],"_links":{"self":[{"href":"https:\/\/pro.signals2trade.com\/fcp\/pl\/wp-json\/wp\/v2\/pages\/1545","targetHints":{"allow":["GET"]}}],"collection":[{"href":"https:\/\/pro.signals2trade.com\/fcp\/pl\/wp-json\/wp\/v2\/pages"}],"about":[{"href":"https:\/\/pro.signals2trade.com\/fcp\/pl\/wp-json\/wp\/v2\/types\/page"}],"author":[{"embeddable":true,"href":"https:\/\/pro.signals2trade.com\/fcp\/pl\/wp-json\/wp\/v2\/users\/1"}],"replies":[{"embeddable":true,"href":"https:\/\/pro.signals2trade.com\/fcp\/pl\/wp-json\/wp\/v2\/comments?post=1545"}],"version-history":[{"count":0,"href":"https:\/\/pro.signals2trade.com\/fcp\/pl\/wp-json\/wp\/v2\/pages\/1545\/revisions"}],"wp:attachment":[{"href":"https:\/\/pro.signals2trade.com\/fcp\/pl\/wp-json\/wp\/v2\/media?parent=1545"}],"curies":[{"name":"wp","href":"https:\/\/api.w.org\/{rel}","templated":true}]}}