{"id":1545,"date":"2024-08-19T23:10:39","date_gmt":"2024-08-19T22:10:39","guid":{"rendered":"https:\/\/en.signals2trade.com\/?page_id=1545"},"modified":"2024-08-20T07:40:29","modified_gmt":"2024-08-20T06:40:29","slug":"legal","status":"publish","type":"page","link":"https:\/\/pro.signals2trade.com\/fcp\/es\/legal\/","title":{"rendered":"Legal"},"content":{"rendered":"<div data-elementor-type=\"wp-page\" data-elementor-id=\"1545\" class=\"elementor elementor-1545\" data-elementor-post-type=\"page\">\n\t\t\t\t<div class=\"elementor-element elementor-element-43858d3 e-flex e-con-boxed e-con e-parent\" data-id=\"43858d3\" data-element_type=\"container\">\n\t\t\t\t\t<div class=\"e-con-inner\">\n\t\t\t\t<div class=\"elementor-element elementor-element-b3b7fc4 elementor-widget elementor-widget-heading\" data-id=\"b3b7fc4\" data-element_type=\"widget\" data-widget_type=\"heading.default\">\n\t\t\t\t\t<h2 class=\"elementor-heading-title elementor-size-default\">Legal<\/h2>\t\t\t\t<\/div>\n\t\t\t\t<div class=\"elementor-element elementor-element-3748ed8 elementor-widget__width-inherit elementor-widget-tablet__width-inherit elementor-widget elementor-widget-text-editor\" data-id=\"3748ed8\" data-element_type=\"widget\" data-widget_type=\"text-editor.default\">\n\t\t\t\t\t\t\t\t\t<style>\n<!-- \/* Font Definitions *\/ @font-face {font-family:\"Cambria Math\"; panose-1:2 4 5 3 5 4 6 3 2 4;} @font-face {font-family:Aptos;} @font-face {font-family:Roboto;} \/* Style Definitions *\/ p.MsoNormal, li.MsoNormal, div.MsoNormal {margin-top:0cm; margin-right:0cm; margin-bottom:8.0pt; margin-left:0cm; line-height:107%; font-size:11.0pt; font-family:\"Aptos\",sans-serif;} .MsoChpDefault {font-family:\"Aptos\",sans-serif;} .MsoPapDefault {margin-bottom:8.0pt; line-height:107%;} @page WordSection1 {size:595.3pt 841.9pt; margin:70.85pt 70.85pt 2.0cm 70.85pt;} div.WordSection1 {page:WordSection1;} --><br \/>\n<\/style>\n\n&nbsp;\n\n&nbsp;\n<div class=\"WordSection1\">\n<p class=\"MsoNormal\" style=\"margin-bottom: 21.0pt; line-height: normal; background: white; vertical-align: baseline;\"><span style=\"font-size: 12.0pt; font-family: Roboto; color: black;\">Advertencia de riesgo: Los productos mostrados se negocian con margen y conllevan un alto\nnivel de riesgo y es posible que pierda todo su capital. Estos productos pueden\nno ser adecuados para todo el mundo y debe asegurarse de que comprende los\nlos riesgos que conllevan.<\/span><\/p>\n<p class=\"MsoNormal\" style=\"margin-bottom: 21.0pt; line-height: normal; background: white; vertical-align: baseline;\"><span style=\"font-size: 12.0pt; font-family: Roboto; color: black;\">Si The Fund Holding Ltd. operara en la UE no necesitar\u00eda\nuna licencia debido a la normativa especial del EEE, donde se public\u00f3 una declaraci\u00f3n oficial de\nel regulador alem\u00e1n BaFin, que por un lado describe el\nmodelo de negocio de The Funds Holding Ltd. Este modelo de negocio no\nrequiere una licencia conforme a las normas MiFID II de la UE, seg\u00fan otra declaraci\u00f3n del\nel regulador alem\u00e1n de productos financieros. Ambas declaraciones se pueden encontrar a continuaci\u00f3n<\/span><\/p>\n<p class=\"MsoNormal\" style=\"margin-bottom: 21.0pt; line-height: normal; background: white; vertical-align: baseline;\"><span style=\"font-size: 12.0pt; font-family: Roboto; color: black;\">https:\/\/www.bafin.de\/DE\/Aufsicht\/FinTech\/Geschaeftsmodelle\/BeratungsHandelssysteme\/BeratungsHandelssysteme_node.html<\/span><\/p>\n<p class=\"MsoNormal\" style=\"margin-bottom: 21.0pt; line-height: normal; background: white; vertical-align: baseline;\"><span style=\"font-size: 12.0pt; font-family: Roboto; color: black;\">https:\/\/www.bafin.de\/DE\/Verbraucher\/Finanzwissen\/Fintech\/SocialTrading\/social_trading_node.html<\/span><\/p>\n<p class=\"MsoNormal\" style=\"margin-bottom: 21.0pt; line-height: normal; background: white; vertical-align: baseline;\"><span style=\"font-size: 12.0pt; font-family: Roboto; color: black;\">El holding Funds Holding Ltd. podr\u00eda divulgar su propia cartera de valores y ejecutar p\u00fablicamente decisiones de negociaci\u00f3n y \u00f3rdenes de valores.\ny ejecuta p\u00fablicamente decisiones de negociaci\u00f3n y \u00f3rdenes de valores. En\nprincipio, esto no constituye una actividad empresarial que requiera\nautorizaci\u00f3n en virtud de la KWG o la WpIG.<\/span><\/p>\n<p class=\"MsoNormal\" style=\"margin-bottom: 21.0pt; line-height: normal; background: white; vertical-align: baseline;\"><span style=\"font-size: 12.0pt; font-family: Roboto; color: black;\">Still The Funds Holding Ltd. no est\u00e1 dirigida a residentes del\nReino Unido y la UE, donde no tiene licencia y podr\u00eda caer fuera de la MiFID Europea\nII y del marco regulador brit\u00e1nico de la FCA. TheFunds Holding Ltd. no ofrece\nsus servicios a residentes de determinadas jurisdicciones como Afganist\u00e1n,\nAlbania, Samoa Americana, Australia, Bielorrusia, Bermudas, Bosnia y Herzegovina,\nBotsuana, Canda, Rep\u00fablica Centroafricana, China, Crimea y Sebastopol, Cuba,\nCorea del Norte, Rep\u00fablica Democr\u00e1tica del Congo, Egipto, Eritrea, Antigua Rep\u00fablica\nRep\u00fablica Federativa de Yugoslavia, Guinea-Bissau, Ir\u00e1n, Irak, ISIL (Da'esh) y Al-Qaida,\nCorea del Norte, L\u00edbano, Libia, Montenegro, Myanmar, Rusia, Serbia, Sebastopol,\nSierra Leona, Somalia, Sud\u00e1n del Sur, Sud\u00e1n, Siria, Los talibanes, Estados Unidos\nEstados Unidos, T\u00fanez, Ucrania,\nIslas V\u00edrgenes Estadounidenses, Yemen, Zimbabue.<\/span><\/p>\n<p class=\"MsoNormal\"><\/p>\n\n<\/div>\n&nbsp;\n\n&nbsp;\t\t\t\t\t\t\t\t<\/div>\n\t\t\t\t\t<\/div>\n\t\t\t\t<\/div>\n\t\t\t\t<\/div>","protected":false},"excerpt":{"rendered":"<p>Aviso de riesgo legal: Los productos mostrados se negocian con margen y conllevan un alto nivel de riesgo, por lo que es posible que pierda todo su capital. Estos productos pueden no ser adecuados para todo el mundo y debe asegurarse de que comprende los riesgos que conllevan. Si The Fund Holding Ltd. operara en la UE [...]<\/p>","protected":false},"author":1,"featured_media":0,"parent":0,"menu_order":0,"comment_status":"closed","ping_status":"closed","template":"elementor_header_footer","meta":{"footnotes":""},"class_list":["post-1545","page","type-page","status-publish","hentry"],"_links":{"self":[{"href":"https:\/\/pro.signals2trade.com\/fcp\/es\/wp-json\/wp\/v2\/pages\/1545","targetHints":{"allow":["GET"]}}],"collection":[{"href":"https:\/\/pro.signals2trade.com\/fcp\/es\/wp-json\/wp\/v2\/pages"}],"about":[{"href":"https:\/\/pro.signals2trade.com\/fcp\/es\/wp-json\/wp\/v2\/types\/page"}],"author":[{"embeddable":true,"href":"https:\/\/pro.signals2trade.com\/fcp\/es\/wp-json\/wp\/v2\/users\/1"}],"replies":[{"embeddable":true,"href":"https:\/\/pro.signals2trade.com\/fcp\/es\/wp-json\/wp\/v2\/comments?post=1545"}],"version-history":[{"count":0,"href":"https:\/\/pro.signals2trade.com\/fcp\/es\/wp-json\/wp\/v2\/pages\/1545\/revisions"}],"wp:attachment":[{"href":"https:\/\/pro.signals2trade.com\/fcp\/es\/wp-json\/wp\/v2\/media?parent=1545"}],"curies":[{"name":"wp","href":"https:\/\/api.w.org\/{rel}","templated":true}]}}